{"id":9367,"date":"2020-02-16T14:25:14","date_gmt":"2020-02-16T13:25:14","guid":{"rendered":"https:\/\/www.chauffeurservice-munich.com\/?page_id=9367"},"modified":"2020-02-16T17:41:00","modified_gmt":"2020-02-16T16:41:00","slug":"kontakt","status":"publish","type":"page","link":"https:\/\/www.chauffeurservice-munich.com\/en\/kontakt\/","title":{"rendered":"Kontakt"},"content":{"rendered":"\n<h1 class=\"title wp-block-heading\">Chauffeurservice Munich<\/h1>\n\n\n\n<h2 class=\"subtitle wp-block-heading\">Mietwagenunternehmen<\/h2>\n\n\n\n<div class=\"ym-grid linearize-level-1\">\n<div class=\"ym-g50 ym-gl\">\n<div class=\"ym-gbox\">Betriebssitz<br>Mark Philipp<br>Dorfstrasse 80<br>82435 Bad Bayersoien<br>Germany<br><strong>Contact<\/strong><br>info@chauffeurservice-munich.com<br>+491728818018<\/div>\n<\/div>\n<div class=\"ym-g50 ym-gr\">\n<div class=\"ym-gbox\">B\u00fcro M\u00fcnchen<br>Chauffeurservice M\u00fcnchen<br>Maximilianstrasse 2<br>80 539 M\u00fcnchen<br><strong>Contact<\/strong><br>Telefon 089 205008677<br>Fax 089 20 500 8150<\/div>\n<\/div>\n<\/div>\n\n\n\n<div class=\"ym-grid linearize-level-1\">\n<div class=\"ym-g50 ym-gl\">\n<div class=\"ym-gbox\">[isa_gmap address=&#8221;Dorfstrasse 80 82435 Bad Bayersoien&#8221;]<\/div>\n<\/div>\n<div class=\"ym-g50 ym-gr\">\n<div class=\"ym-gbox\">[isa_gmap address=&#8221;Maximilianstrasse 2 80 539 M\u00fcnchen&#8221;]<\/div>\n<\/div>\n<\/div>\n\n\n<p class=\"wpcf7-contact-form-not-found\"><strong>Error:<\/strong> Contact form not found.<\/p>\n","protected":false},"excerpt":{"rendered":"<p>Chauffeurservice Munich Mietwagenunternehmen BetriebssitzMark PhilippDorfstrasse 8082435 Bad BayersoienGermanyContactinfo@chauffeurservice-munich.com+491728818018 B\u00fcro M\u00fcnchenChauffeurservice M\u00fcnchenMaximilianstrasse 280 539 M\u00fcnchenContactTelefon 089 205008677Fax 089 20 500 8150 [isa_gmap address=&#8221;Dorfstrasse 80 82435 Bad Bayersoien&#8221;] [isa_gmap address=&#8221;Maximilianstrasse 2 80 539 M\u00fcnchen&#8221;]<\/p>\n","protected":false},"author":2,"featured_media":0,"parent":0,"menu_order":0,"comment_status":"closed","ping_status":"open","template":"","meta":{"_acf_changed":false,"footnotes":""},"class_list":["post-9367","page","type-page","status-publish","hentry"],"acf":[],"yoast_head":"<!-- This site is optimized with the Yoast SEO Premium plugin v24.5 (Yoast SEO v26.9) - https:\/\/yoast.com\/product\/yoast-seo-premium-wordpress\/ -->\n<title>Kontakt - Chauffeurservice M\u00fcnchen I mit Chauffeur und Limousine<\/title>\n<meta name=\"robots\" content=\"index, follow, max-snippet:-1, max-image-preview:large, max-video-preview:-1\" \/>\n<link rel=\"canonical\" href=\"https:\/\/www.chauffeurservice-munich.com\/en\/kontakt\/\" \/>\n<meta property=\"og:locale\" content=\"en_US\" \/>\n<meta property=\"og:type\" content=\"article\" \/>\n<meta property=\"og:title\" content=\"Kontakt\" \/>\n<meta property=\"og:description\" content=\"Chauffeurservice Munich Mietwagenunternehmen BetriebssitzMark PhilippDorfstrasse 8082435 Bad BayersoienGermanyContactinfo@chauffeurservice-munich.com+491728818018 B\u00fcro M\u00fcnchenChauffeurservice M\u00fcnchenMaximilianstrasse 280 539 M\u00fcnchenContactTelefon 089 205008677Fax 089 20 500 8150 [isa_gmap address=&#8221;Dorfstrasse 80 82435 Bad Bayersoien&#8221;] [isa_gmap address=&#8221;Maximilianstrasse 2 80 539 M\u00fcnchen&#8221;]\" \/>\n<meta property=\"og:url\" content=\"https:\/\/www.chauffeurservice-munich.com\/en\/kontakt\/\" \/>\n<meta property=\"og:site_name\" content=\"Chauffeurservice M\u00fcnchen I mit Chauffeur und Limousine\" \/>\n<meta property=\"article:modified_time\" content=\"2020-02-16T16:41:00+00:00\" \/>\n<meta name=\"twitter:card\" content=\"summary_large_image\" \/>\n<script type=\"application\/ld+json\" class=\"yoast-schema-graph\">{\"@context\":\"https:\/\/schema.org\",\"@graph\":[{\"@type\":\"WebPage\",\"@id\":\"https:\/\/www.chauffeurservice-munich.com\/en\/kontakt\/\",\"url\":\"https:\/\/www.chauffeurservice-munich.com\/en\/kontakt\/\",\"name\":\"Kontakt - Chauffeurservice M\u00fcnchen I mit Chauffeur und Limousine\",\"isPartOf\":{\"@id\":\"https:\/\/www.chauffeurservice-munich.com\/en\/#website\"},\"datePublished\":\"2020-02-16T13:25:14+00:00\",\"dateModified\":\"2020-02-16T16:41:00+00:00\",\"breadcrumb\":{\"@id\":\"https:\/\/www.chauffeurservice-munich.com\/en\/kontakt\/#breadcrumb\"},\"inLanguage\":\"en-US\",\"potentialAction\":[{\"@type\":\"ReadAction\",\"target\":[\"https:\/\/www.chauffeurservice-munich.com\/en\/kontakt\/\"]}]},{\"@type\":\"BreadcrumbList\",\"@id\":\"https:\/\/www.chauffeurservice-munich.com\/en\/kontakt\/#breadcrumb\",\"itemListElement\":[{\"@type\":\"ListItem\",\"position\":1,\"name\":\"Startseite\",\"item\":\"https:\/\/www.chauffeurservice-munich.com\/en\/\"},{\"@type\":\"ListItem\",\"position\":2,\"name\":\"Kontakt\"}]},{\"@type\":\"WebSite\",\"@id\":\"https:\/\/www.chauffeurservice-munich.com\/en\/#website\",\"url\":\"https:\/\/www.chauffeurservice-munich.com\/en\/\",\"name\":\"Chauffeurservice M\u00fcnchen I mit Chauffeur und Limousine\",\"description\":\"Ihr Chauffer | Chauffeurservice in M\u00fcnchen und Umgebung\",\"publisher\":{\"@id\":\"https:\/\/www.chauffeurservice-munich.com\/en\/#organization\"},\"potentialAction\":[{\"@type\":\"SearchAction\",\"target\":{\"@type\":\"EntryPoint\",\"urlTemplate\":\"https:\/\/www.chauffeurservice-munich.com\/en\/?s={search_term_string}\"},\"query-input\":{\"@type\":\"PropertyValueSpecification\",\"valueRequired\":true,\"valueName\":\"search_term_string\"}}],\"inLanguage\":\"en-US\"},{\"@type\":\"Organization\",\"@id\":\"https:\/\/www.chauffeurservice-munich.com\/en\/#organization\",\"name\":\"Chauffeurservice M\u00fcnchen I mit Chauffeur und Limousine\",\"url\":\"https:\/\/www.chauffeurservice-munich.com\/en\/\",\"logo\":{\"@type\":\"ImageObject\",\"inLanguage\":\"en-US\",\"@id\":\"https:\/\/www.chauffeurservice-munich.com\/en\/#\/schema\/logo\/image\/\",\"url\":\"https:\/\/www.chauffeurservice-munich.com\/wp-content\/uploads\/2020\/02\/csm-logo-black.jpg\",\"contentUrl\":\"https:\/\/www.chauffeurservice-munich.com\/wp-content\/uploads\/2020\/02\/csm-logo-black.jpg\",\"width\":600,\"height\":600,\"caption\":\"Chauffeurservice M\u00fcnchen I mit Chauffeur und Limousine\"},\"image\":{\"@id\":\"https:\/\/www.chauffeurservice-munich.com\/en\/#\/schema\/logo\/image\/\"}}]}<\/script>\n<!-- \/ Yoast SEO Premium plugin. -->","yoast_head_json":{"title":"Kontakt - Chauffeurservice M\u00fcnchen I mit Chauffeur und Limousine","robots":{"index":"index","follow":"follow","max-snippet":"max-snippet:-1","max-image-preview":"max-image-preview:large","max-video-preview":"max-video-preview:-1"},"canonical":"https:\/\/www.chauffeurservice-munich.com\/en\/kontakt\/","og_locale":"en_US","og_type":"article","og_title":"Kontakt","og_description":"Chauffeurservice Munich Mietwagenunternehmen BetriebssitzMark PhilippDorfstrasse 8082435 Bad BayersoienGermanyContactinfo@chauffeurservice-munich.com+491728818018 B\u00fcro M\u00fcnchenChauffeurservice M\u00fcnchenMaximilianstrasse 280 539 M\u00fcnchenContactTelefon 089 205008677Fax 089 20 500 8150 [isa_gmap address=&#8221;Dorfstrasse 80 82435 Bad Bayersoien&#8221;] [isa_gmap address=&#8221;Maximilianstrasse 2 80 539 M\u00fcnchen&#8221;]","og_url":"https:\/\/www.chauffeurservice-munich.com\/en\/kontakt\/","og_site_name":"Chauffeurservice M\u00fcnchen I mit Chauffeur und Limousine","article_modified_time":"2020-02-16T16:41:00+00:00","twitter_card":"summary_large_image","schema":{"@context":"https:\/\/schema.org","@graph":[{"@type":"WebPage","@id":"https:\/\/www.chauffeurservice-munich.com\/en\/kontakt\/","url":"https:\/\/www.chauffeurservice-munich.com\/en\/kontakt\/","name":"Kontakt - Chauffeurservice M\u00fcnchen I mit Chauffeur und Limousine","isPartOf":{"@id":"https:\/\/www.chauffeurservice-munich.com\/en\/#website"},"datePublished":"2020-02-16T13:25:14+00:00","dateModified":"2020-02-16T16:41:00+00:00","breadcrumb":{"@id":"https:\/\/www.chauffeurservice-munich.com\/en\/kontakt\/#breadcrumb"},"inLanguage":"en-US","potentialAction":[{"@type":"ReadAction","target":["https:\/\/www.chauffeurservice-munich.com\/en\/kontakt\/"]}]},{"@type":"BreadcrumbList","@id":"https:\/\/www.chauffeurservice-munich.com\/en\/kontakt\/#breadcrumb","itemListElement":[{"@type":"ListItem","position":1,"name":"Startseite","item":"https:\/\/www.chauffeurservice-munich.com\/en\/"},{"@type":"ListItem","position":2,"name":"Kontakt"}]},{"@type":"WebSite","@id":"https:\/\/www.chauffeurservice-munich.com\/en\/#website","url":"https:\/\/www.chauffeurservice-munich.com\/en\/","name":"Chauffeurservice M\u00fcnchen I mit Chauffeur und Limousine","description":"Ihr Chauffer | Chauffeurservice in M\u00fcnchen und Umgebung","publisher":{"@id":"https:\/\/www.chauffeurservice-munich.com\/en\/#organization"},"potentialAction":[{"@type":"SearchAction","target":{"@type":"EntryPoint","urlTemplate":"https:\/\/www.chauffeurservice-munich.com\/en\/?s={search_term_string}"},"query-input":{"@type":"PropertyValueSpecification","valueRequired":true,"valueName":"search_term_string"}}],"inLanguage":"en-US"},{"@type":"Organization","@id":"https:\/\/www.chauffeurservice-munich.com\/en\/#organization","name":"Chauffeurservice M\u00fcnchen I mit Chauffeur und Limousine","url":"https:\/\/www.chauffeurservice-munich.com\/en\/","logo":{"@type":"ImageObject","inLanguage":"en-US","@id":"https:\/\/www.chauffeurservice-munich.com\/en\/#\/schema\/logo\/image\/","url":"https:\/\/www.chauffeurservice-munich.com\/wp-content\/uploads\/2020\/02\/csm-logo-black.jpg","contentUrl":"https:\/\/www.chauffeurservice-munich.com\/wp-content\/uploads\/2020\/02\/csm-logo-black.jpg","width":600,"height":600,"caption":"Chauffeurservice M\u00fcnchen I mit Chauffeur und Limousine"},"image":{"@id":"https:\/\/www.chauffeurservice-munich.com\/en\/#\/schema\/logo\/image\/"}}]}},"_links":{"self":[{"href":"https:\/\/www.chauffeurservice-munich.com\/en\/wp-json\/wp\/v2\/pages\/9367","targetHints":{"allow":["GET"]}}],"collection":[{"href":"https:\/\/www.chauffeurservice-munich.com\/en\/wp-json\/wp\/v2\/pages"}],"about":[{"href":"https:\/\/www.chauffeurservice-munich.com\/en\/wp-json\/wp\/v2\/types\/page"}],"author":[{"embeddable":true,"href":"https:\/\/www.chauffeurservice-munich.com\/en\/wp-json\/wp\/v2\/users\/2"}],"replies":[{"embeddable":true,"href":"https:\/\/www.chauffeurservice-munich.com\/en\/wp-json\/wp\/v2\/comments?post=9367"}],"version-history":[{"count":1,"href":"https:\/\/www.chauffeurservice-munich.com\/en\/wp-json\/wp\/v2\/pages\/9367\/revisions"}],"predecessor-version":[{"id":9368,"href":"https:\/\/www.chauffeurservice-munich.com\/en\/wp-json\/wp\/v2\/pages\/9367\/revisions\/9368"}],"wp:attachment":[{"href":"https:\/\/www.chauffeurservice-munich.com\/en\/wp-json\/wp\/v2\/media?parent=9367"}],"curies":[{"name":"wp","href":"https:\/\/api.w.org\/{rel}","templated":true}]}}